{"id":10815,"date":"2022-09-07T12:53:48","date_gmt":"2022-09-07T10:53:48","guid":{"rendered":"https:\/\/spaceeconomycongress.org\/?page_id=10815"},"modified":"2026-04-13T10:35:12","modified_gmt":"2026-04-13T08:35:12","slug":"politica-de-cookies","status":"publish","type":"page","link":"https:\/\/spaceeconomycongress.org\/es\/politica-de-cookies\/","title":{"rendered":"Pol\u00edtica de Cookies"},"content":{"rendered":"<h3><strong>Aquesta web utilitza cookies.<\/strong><\/h3>\n<p>Una galeta (o galeta inform\u00e0tica) \u00e9s una petita informaci\u00f3 enviada per un lloc web i emmagatzemada en el navegador de l\u2019usuari, de manera que el lloc web pot consultar l\u2019activitat pr\u00e8via de l\u2019usuari.<\/p>\n<p>Les seves principals funcions s\u00f3n:<\/p>\n<p>Portar el control d\u2019usuaris: quan un usuari introdueix el seu nom d\u2019usuari i contrasenya, s\u2019emmagatzema una cookie perqu\u00e8 no hagi d\u2019estar introduint-les per a cada p\u00e0gina del servidor. No obstant aix\u00f2, una galeta no identifica nom\u00e9s a una persona, sin\u00f3 a una combinaci\u00f3 de computador-navegador-usuari.<br \/>\nAconseguir informaci\u00f3 sobre els h\u00e0bits de navegaci\u00f3 de l\u2019usuari, entre d\u2019altres.<\/p>\n<h3><strong>Aquesta web utilitza cookies pr\u00f2pies<\/strong><\/h3>\n<h3><strong>Galetes de Tercers<\/strong><\/h3>\n<div class=\"cky-audit-table-element\"><\/div>\n<p><strong>Analytics<\/strong>: S\u2019emmagatzemen galetes relacionades amb els productes de Google utilitzats. Podeu trobar en detall la llista i el seu \u00fas en aquest enlla\u00e7. En concret Analytics emmagatzema cookies per poder elaborar estad\u00edstiques sobre el tr\u00e0nsit i volum de visites d\u2019aquesta web. Si desitja informaci\u00f3 sobre l\u2019\u00fas que Google Analytics d\u00f3na a les galetes pot visitar aquest enlla\u00e7.<\/p>\n<p><strong>Xarxes socials:<\/strong>\u00a0Cada xarxa social utilitza les seves pr\u00f2pies galetes per oferir la seva funcionalitat i que vost\u00e8 pugui punxar en botons del tipus M\u2019agrada o Compartir.<\/p>\n[cookie_audit style=\u00bbwinter\u00bb columns=\u00bbcookie,duration,description\u00bb]\n<p><strong>Pot vost\u00e8 permetre, bloquejar o eliminar les cookies instal\u00b7lades en el seu equip mitjan\u00e7ant la configuraci\u00f3 de les opcions del navegador en el vostre ordinador.<\/strong><\/p>\n<p>Si no sabeu sobre quin tipus i versi\u00f3 de navegador fa servir per accedir a internet:<\/p>\n<p>Per a Windows: click a \u2018Ajuda\u2019 a la part superior de la finestra del seu navegador i seleccioneu l\u2019opci\u00f3 \u2018Quant a\u2019.<\/p>\n<p>Per a Mac: amb la venda del navegador oberta, clic en el men\u00fa d\u2019Apple i seleccioneu l\u2019opci\u00f3 \u2018Sobre \u2026\u2019.<\/p>\n<p><strong>Com gestionar les galetes al Windows<\/strong><\/p>\n<p><strong>Google Chrome<\/strong><\/p>\n<ul>\n<li>Fes clic al men\u00fa de Chrome Chrome a la barra d\u2019eines del navegador.<\/li>\n<li>Selecciona \u201cConfiguraci\u00f3\u201d.<\/li>\n<li>Fes clic a \u201cMostra opcions avan\u00e7ades \u2026\u201d<\/li>\n<li>A la secci\u00f3 \u201cPrivadesa\u201d, feu clic al bot\u00f3 \u201cConfiguraci\u00f3 de contingut \u2026\u201d.<\/li>\n<li>A la secci\u00f3 \u201cGaletes\u201d, pots configurar les opcions que s\u2019indiquen a continuaci\u00f3: Suprimeix les galetes, bloquejar o permetre les galetes per defecte, incloure excepcions de galetes de dominis o llocs web espec\u00edfics.<\/li>\n<li>Per a m\u00e9s detall consulta l\u2019ajuda de Google Chrome.<\/li>\n<\/ul>\n<p><strong>Microsoft Internet Explorer 7.0 i 8.0<\/strong><\/p>\n<ul>\n<li>Feu clic al bot\u00f3 \u201cEines\u201d i despr\u00e9s a \u201cOpcions d\u2019Internet\u201d.<\/li>\n<li>Feu clic a la fitxa \u201cPrivadesa\u201d i, a continuaci\u00f3, mogui el control lliscant a una posici\u00f3 interm\u00e8dia entre els extrems superior i inferior, de manera que no es bloquegin ni permetin totes les galetes.<\/li>\n<li>Feu clic a \u201cLlocs\u201d.<\/li>\n<li>Al quadre \u201cAdre\u00e7a del lloc web\u201d, escriviu l\u2019adre\u00e7a d\u2019un lloc web i, despr\u00e9s, feu clic a \u201cBloquejar\u201d o \u201cPermetre\u201d.<\/li>\n<li>Mentre escrigui, anir\u00e0 apareixent una llista de les p\u00e0gines web que ja hagi visitat. Si fa clic en un element de la llista, es mostrar\u00e0 en el quadre Adre\u00e7a del lloc web.<\/li>\n<li>En acabar, feu clic a \u201cD\u2019acord\u201d.<\/li>\n<li>Torneu a posar el control lliscant en la seva posici\u00f3 original i feu clic a \u201cD\u2019acord\u201d.<\/li>\n<li>Pots consultar l\u2019ajuda de Windows per m\u00e9s informaci\u00f3<\/li>\n<\/ul>\n<p><strong>Mozilla Firefox<\/strong><\/p>\n<ul>\n<li>A la part superior de la finestra del Firefox, fes clic al bot\u00f3 Firefox i selecciona \u201cOpcions\u201d.<\/li>\n<li>Selecciona el tauler \u201cPrivadesa\u201d.<\/li>\n<li>A \u201cFirefox podr\u00e0:\u201d tria \u201cUtilitza una configuraci\u00f3 personalitzada per l\u2019historial\u201d.<\/li>\n<li>Marca l\u2019opci\u00f3 \u201cAccepta galetes\u201d per activar-les, i desm\u00e1rcala per desactivar-les.<\/li>\n<li>Si no vols rebre cookies de teceros desmarca \u201cAccepta galetes de tercers\u201d.<\/li>\n<li>Pots consultar l\u2019ajuda de Mozilla per m\u00e9s informaci\u00f3<\/li>\n<\/ul>\n<p><strong>Safari<\/strong><\/p>\n<ul>\n<li>Feu clic a \u201cSafari\u201d a la part superior de la finestra del seu navegador i seleccioneu l\u2019opci\u00f3 \u2018Prefer\u00e8ncies\u2019.<\/li>\n<li>Feu clic a \u201cPrivadesa\u201d.<\/li>\n<li>A l\u2019apartat \u201cBloqueja galetes\u201d seleccioni una de les seg\u00fcents opcions segons li interessi: \u201cDe publicitat i tercers\u201d, \u201cSempre\u201d, o \u201cMai\u201d.<\/li>\n<\/ul>\n<p><strong>Opera<\/strong><\/p>\n<ul>\n<li>Feu clic a \u201cConfiguraci\u00f3\u201d a la part superior de la finestra del navegador i seleccioneu \u2018Opcions\u2019.<\/li>\n<li>A continuaci\u00f3 seleccioneu la pestanya \u201cAvan\u00e7at\u201d i en la llista de l\u2019esquerra seleccionar \u201cGaletes\u201d.<\/li>\n<li>A continuaci\u00f3, seleccioneu \u201cAccepta galetes\u201d.<\/li>\n<li>Disposa de tres opcions segons la seva prefer\u00e8ncia: \u201cAccepta galetes\u201d.<\/li>\n<\/ul>\n","protected":false},"excerpt":{"rendered":"<p>Aquesta web utilitza cookies. Una galeta (o galeta inform\u00e0tica) \u00e9s una petita informaci\u00f3 enviada per un lloc web i emmagatzemada en el navegador de l\u2019usuari, de manera que el lloc web pot consultar l\u2019activitat pr\u00e8via de l\u2019usuari. Les seves principals funcions s\u00f3n: Portar el control d\u2019usuaris: quan un usuari introdueix el seu nom d\u2019usuari i&hellip;<\/p>\n","protected":false},"author":2,"featured_media":0,"parent":0,"menu_order":0,"comment_status":"closed","ping_status":"closed","template":"","meta":{"footnotes":""},"class_list":["post-10815","page","type-page","status-publish","hentry","entry","no-media"],"yoast_head":"<!-- This site is optimized with the Yoast SEO plugin v25.5 - https:\/\/yoast.com\/wordpress\/plugins\/seo\/ -->\n<title>Pol\u00edtica de Cookies - New Space Congress 2026<\/title>\n<meta name=\"robots\" content=\"index, follow, max-snippet:-1, max-image-preview:large, max-video-preview:-1\" \/>\n<link rel=\"canonical\" href=\"https:\/\/spaceeconomycongress.org\/es\/politica-de-cookies\/\" \/>\n<meta property=\"og:locale\" content=\"es_ES\" \/>\n<meta property=\"og:type\" content=\"article\" \/>\n<meta property=\"og:title\" content=\"Pol\u00edtica de Cookies - New Space Congress 2026\" \/>\n<meta property=\"og:description\" content=\"Aquesta web utilitza cookies. Una galeta (o galeta inform\u00e0tica) \u00e9s una petita informaci\u00f3 enviada per un lloc web i emmagatzemada en el navegador de l\u2019usuari, de manera que el lloc web pot consultar l\u2019activitat pr\u00e8via de l\u2019usuari. Les seves principals funcions s\u00f3n: Portar el control d\u2019usuaris: quan un usuari introdueix el seu nom d\u2019usuari i&hellip;\" \/>\n<meta property=\"og:url\" content=\"https:\/\/spaceeconomycongress.org\/es\/politica-de-cookies\/\" \/>\n<meta property=\"og:site_name\" content=\"New Space Congress 2026\" \/>\n<meta property=\"article:modified_time\" content=\"2026-04-13T08:35:12+00:00\" \/>\n<meta name=\"twitter:card\" content=\"summary_large_image\" \/>\n<meta name=\"twitter:label1\" content=\"Tiempo de lectura\" \/>\n\t<meta name=\"twitter:data1\" content=\"4 minutos\" \/>\n<script type=\"application\/ld+json\" class=\"yoast-schema-graph\">{\"@context\":\"https:\/\/schema.org\",\"@graph\":[{\"@type\":\"WebPage\",\"@id\":\"https:\/\/spaceeconomycongress.org\/es\/politica-de-cookies\/\",\"url\":\"https:\/\/spaceeconomycongress.org\/es\/politica-de-cookies\/\",\"name\":\"Pol\u00edtica de Cookies - New Space Congress 2026\",\"isPartOf\":{\"@id\":\"https:\/\/spaceeconomycongress.org\/#website\"},\"datePublished\":\"2022-09-07T10:53:48+00:00\",\"dateModified\":\"2026-04-13T08:35:12+00:00\",\"breadcrumb\":{\"@id\":\"https:\/\/spaceeconomycongress.org\/es\/politica-de-cookies\/#breadcrumb\"},\"inLanguage\":\"es\",\"potentialAction\":[{\"@type\":\"ReadAction\",\"target\":[\"https:\/\/spaceeconomycongress.org\/es\/politica-de-cookies\/\"]}]},{\"@type\":\"BreadcrumbList\",\"@id\":\"https:\/\/spaceeconomycongress.org\/es\/politica-de-cookies\/#breadcrumb\",\"itemListElement\":[{\"@type\":\"ListItem\",\"position\":1,\"name\":\"Home\",\"item\":\"https:\/\/spaceeconomycongress.org\/es\/\"},{\"@type\":\"ListItem\",\"position\":2,\"name\":\"Pol\u00edtica de Cookies\"}]},{\"@type\":\"WebSite\",\"@id\":\"https:\/\/spaceeconomycongress.org\/#website\",\"url\":\"https:\/\/spaceeconomycongress.org\/\",\"name\":\"New Space Congress 2026\",\"description\":\"Properament, al juny de 2026\",\"publisher\":{\"@id\":\"https:\/\/spaceeconomycongress.org\/#organization\"},\"potentialAction\":[{\"@type\":\"SearchAction\",\"target\":{\"@type\":\"EntryPoint\",\"urlTemplate\":\"https:\/\/spaceeconomycongress.org\/?s={search_term_string}\"},\"query-input\":{\"@type\":\"PropertyValueSpecification\",\"valueRequired\":true,\"valueName\":\"search_term_string\"}}],\"inLanguage\":\"es\"},{\"@type\":\"Organization\",\"@id\":\"https:\/\/spaceeconomycongress.org\/#organization\",\"name\":\"New Space Congress 2022\",\"url\":\"https:\/\/spaceeconomycongress.org\/\",\"logo\":{\"@type\":\"ImageObject\",\"inLanguage\":\"es\",\"@id\":\"https:\/\/spaceeconomycongress.org\/#\/schema\/logo\/image\/\",\"url\":\"https:\/\/spaceeconomycongress.org\/wp-content\/uploads\/2026\/01\/SPACE_ECONOMY_2026_web.png\",\"contentUrl\":\"https:\/\/spaceeconomycongress.org\/wp-content\/uploads\/2026\/01\/SPACE_ECONOMY_2026_web.png\",\"width\":1000,\"height\":262,\"caption\":\"New Space Congress 2022\"},\"image\":{\"@id\":\"https:\/\/spaceeconomycongress.org\/#\/schema\/logo\/image\/\"}}]}<\/script>\n<!-- \/ Yoast SEO plugin. -->","yoast_head_json":{"title":"Pol\u00edtica de Cookies - New Space Congress 2026","robots":{"index":"index","follow":"follow","max-snippet":"max-snippet:-1","max-image-preview":"max-image-preview:large","max-video-preview":"max-video-preview:-1"},"canonical":"https:\/\/spaceeconomycongress.org\/es\/politica-de-cookies\/","og_locale":"es_ES","og_type":"article","og_title":"Pol\u00edtica de Cookies - New Space Congress 2026","og_description":"Aquesta web utilitza cookies. Una galeta (o galeta inform\u00e0tica) \u00e9s una petita informaci\u00f3 enviada per un lloc web i emmagatzemada en el navegador de l\u2019usuari, de manera que el lloc web pot consultar l\u2019activitat pr\u00e8via de l\u2019usuari. Les seves principals funcions s\u00f3n: Portar el control d\u2019usuaris: quan un usuari introdueix el seu nom d\u2019usuari i&hellip;","og_url":"https:\/\/spaceeconomycongress.org\/es\/politica-de-cookies\/","og_site_name":"New Space Congress 2026","article_modified_time":"2026-04-13T08:35:12+00:00","twitter_card":"summary_large_image","twitter_misc":{"Tiempo de lectura":"4 minutos"},"schema":{"@context":"https:\/\/schema.org","@graph":[{"@type":"WebPage","@id":"https:\/\/spaceeconomycongress.org\/es\/politica-de-cookies\/","url":"https:\/\/spaceeconomycongress.org\/es\/politica-de-cookies\/","name":"Pol\u00edtica de Cookies - New Space Congress 2026","isPartOf":{"@id":"https:\/\/spaceeconomycongress.org\/#website"},"datePublished":"2022-09-07T10:53:48+00:00","dateModified":"2026-04-13T08:35:12+00:00","breadcrumb":{"@id":"https:\/\/spaceeconomycongress.org\/es\/politica-de-cookies\/#breadcrumb"},"inLanguage":"es","potentialAction":[{"@type":"ReadAction","target":["https:\/\/spaceeconomycongress.org\/es\/politica-de-cookies\/"]}]},{"@type":"BreadcrumbList","@id":"https:\/\/spaceeconomycongress.org\/es\/politica-de-cookies\/#breadcrumb","itemListElement":[{"@type":"ListItem","position":1,"name":"Home","item":"https:\/\/spaceeconomycongress.org\/es\/"},{"@type":"ListItem","position":2,"name":"Pol\u00edtica de Cookies"}]},{"@type":"WebSite","@id":"https:\/\/spaceeconomycongress.org\/#website","url":"https:\/\/spaceeconomycongress.org\/","name":"New Space Congress 2026","description":"Properament, al juny de 2026","publisher":{"@id":"https:\/\/spaceeconomycongress.org\/#organization"},"potentialAction":[{"@type":"SearchAction","target":{"@type":"EntryPoint","urlTemplate":"https:\/\/spaceeconomycongress.org\/?s={search_term_string}"},"query-input":{"@type":"PropertyValueSpecification","valueRequired":true,"valueName":"search_term_string"}}],"inLanguage":"es"},{"@type":"Organization","@id":"https:\/\/spaceeconomycongress.org\/#organization","name":"New Space Congress 2022","url":"https:\/\/spaceeconomycongress.org\/","logo":{"@type":"ImageObject","inLanguage":"es","@id":"https:\/\/spaceeconomycongress.org\/#\/schema\/logo\/image\/","url":"https:\/\/spaceeconomycongress.org\/wp-content\/uploads\/2026\/01\/SPACE_ECONOMY_2026_web.png","contentUrl":"https:\/\/spaceeconomycongress.org\/wp-content\/uploads\/2026\/01\/SPACE_ECONOMY_2026_web.png","width":1000,"height":262,"caption":"New Space Congress 2022"},"image":{"@id":"https:\/\/spaceeconomycongress.org\/#\/schema\/logo\/image\/"}}]}},"_links":{"self":[{"href":"https:\/\/spaceeconomycongress.org\/es\/wp-json\/wp\/v2\/pages\/10815","targetHints":{"allow":["GET"]}}],"collection":[{"href":"https:\/\/spaceeconomycongress.org\/es\/wp-json\/wp\/v2\/pages"}],"about":[{"href":"https:\/\/spaceeconomycongress.org\/es\/wp-json\/wp\/v2\/types\/page"}],"author":[{"embeddable":true,"href":"https:\/\/spaceeconomycongress.org\/es\/wp-json\/wp\/v2\/users\/2"}],"replies":[{"embeddable":true,"href":"https:\/\/spaceeconomycongress.org\/es\/wp-json\/wp\/v2\/comments?post=10815"}],"version-history":[{"count":1,"href":"https:\/\/spaceeconomycongress.org\/es\/wp-json\/wp\/v2\/pages\/10815\/revisions"}],"predecessor-version":[{"id":10816,"href":"https:\/\/spaceeconomycongress.org\/es\/wp-json\/wp\/v2\/pages\/10815\/revisions\/10816"}],"wp:attachment":[{"href":"https:\/\/spaceeconomycongress.org\/es\/wp-json\/wp\/v2\/media?parent=10815"}],"curies":[{"name":"wp","href":"https:\/\/api.w.org\/{rel}","templated":true}]}}