{"id":9157,"date":"2025-04-30T12:21:16","date_gmt":"2025-04-30T10:21:16","guid":{"rendered":"https:\/\/www.newspacecongress.cat\/?page_id=9157"},"modified":"2026-04-21T11:59:14","modified_gmt":"2026-04-21T09:59:14","slug":"ponentes-2026","status":"publish","type":"page","link":"https:\/\/spaceeconomycongress.org\/es\/ponentes-2026\/","title":{"rendered":"Ponentes"},"content":{"rendered":"[vc_row][vc_column][vc_column_text css=\u00bb.vc_custom_1776765546047{margin-top: 20px !important;margin-bottom: 40px !important;}\u00bb]\n<h3 style=\"text-align: center;\"><strong>Descubre a los ponentes internacionales del Space Economy Congress 2026<\/strong><\/h3>\n<p style=\"text-align: center;\">El Space Economy Congress 2026 re\u00fane a una estrat\u00e9gica selecci\u00f3n de ponentes internacionales que est\u00e1n impulsando la evoluci\u00f3n de la econom\u00eda espacial a nivel global. En esta secci\u00f3n podr\u00e1s conocer a expertos, l\u00edderes de la industria y actores clave que compartir\u00e1n su visi\u00f3n sobre las tendencias, retos y oportunidades que definen el sector en la actualidad.<\/p>\n[\/vc_column_text][vc_column_text]<div class=\"ponents-list\"><div class=\"individual-ponent\"><div class=\"imatge-ponent\"><img loading=\"lazy\" decoding=\"async\" width=\"600\" height=\"600\" src=\"https:\/\/spaceeconomycongress.org\/wp-content\/uploads\/2026\/04\/Untitled-design-11.png\" class=\"attachment-full size-full wp-post-image\" alt=\"Vicenzo Colla\" srcset=\"https:\/\/spaceeconomycongress.org\/wp-content\/uploads\/2026\/04\/Untitled-design-11.png 600w, https:\/\/spaceeconomycongress.org\/wp-content\/uploads\/2026\/04\/Untitled-design-11-300x300.png 300w, https:\/\/spaceeconomycongress.org\/wp-content\/uploads\/2026\/04\/Untitled-design-11-150x150.png 150w\" sizes=\"auto, (max-width: 600px) 100vw, 600px\" \/><\/div><h2>Vincenzo Colla<\/h2><p class=\"speaker-c\">Vicepresidente de la Regi\u00f3n<\/p><p class=\"speaker-e\">Regi\u00f3n Emilia-Romagna<\/p><\/div><div class=\"individual-ponent\"><div class=\"imatge-ponent\"><img loading=\"lazy\" decoding=\"async\" width=\"600\" height=\"600\" src=\"https:\/\/spaceeconomycongress.org\/wp-content\/uploads\/2024\/09\/Juan-Carlos.png\" class=\"attachment-full size-full wp-post-image\" alt=\"Juan Carlos Cort\u00e9s\" srcset=\"https:\/\/spaceeconomycongress.org\/wp-content\/uploads\/2024\/09\/Juan-Carlos.png 600w, https:\/\/spaceeconomycongress.org\/wp-content\/uploads\/2024\/09\/Juan-Carlos-300x300.png 300w, https:\/\/spaceeconomycongress.org\/wp-content\/uploads\/2024\/09\/Juan-Carlos-150x150.png 150w\" sizes=\"auto, (max-width: 600px) 100vw, 600px\" \/><\/div><a class=\"linkedin-speaker\" href=\"https:\/\/www.linkedin.com\/in\/agencia-espacial-espa%C3%B1ola-aee\/\" target=\"_blank\"><i class=\"fa-brands fa-linkedin-in\"><\/i><\/a><h2>Juan Carlos Cort\u00e9s<\/h2><p class=\"speaker-c\">Director<\/p><p class=\"speaker-e\">Agencia Espacial Espa\u00f1ola<\/p><\/div><div class=\"individual-ponent\"><div class=\"imatge-ponent\"><img loading=\"lazy\" decoding=\"async\" width=\"600\" height=\"600\" src=\"https:\/\/spaceeconomycongress.org\/wp-content\/uploads\/2026\/04\/httpswww.linkedin.comincecilia-hernandez-505b278.png\" class=\"attachment-full size-full wp-post-image\" alt=\"Cecilia Hern\u00e1ndez\" srcset=\"https:\/\/spaceeconomycongress.org\/wp-content\/uploads\/2026\/04\/httpswww.linkedin.comincecilia-hernandez-505b278.png 600w, https:\/\/spaceeconomycongress.org\/wp-content\/uploads\/2026\/04\/httpswww.linkedin.comincecilia-hernandez-505b278-300x300.png 300w, https:\/\/spaceeconomycongress.org\/wp-content\/uploads\/2026\/04\/httpswww.linkedin.comincecilia-hernandez-505b278-150x150.png 150w\" sizes=\"auto, (max-width: 600px) 100vw, 600px\" \/><\/div><a class=\"linkedin-speaker\" href=\"https:\/\/www.linkedin.com\/in\/cecilia-hernandez-505b278\/\" target=\"_blank\"><i class=\"fa-brands fa-linkedin-in\"><\/i><\/a><h2>Cecilia Hern\u00e1ndez<\/h2><p class=\"speaker-c\">Directora de Programas e Industria<\/p><p class=\"speaker-e\">Agencia Espacial Espa\u00f1ola<\/p><\/div><div class=\"individual-ponent\"><div class=\"imatge-ponent\"><img loading=\"lazy\" decoding=\"async\" width=\"600\" height=\"600\" src=\"https:\/\/spaceeconomycongress.org\/wp-content\/uploads\/2026\/04\/httpswww.linkedin.comincecilia-hernandez-505b278-1.png\" class=\"attachment-full size-full wp-post-image\" alt=\"Jeffrey Hoffman\" srcset=\"https:\/\/spaceeconomycongress.org\/wp-content\/uploads\/2026\/04\/httpswww.linkedin.comincecilia-hernandez-505b278-1.png 600w, https:\/\/spaceeconomycongress.org\/wp-content\/uploads\/2026\/04\/httpswww.linkedin.comincecilia-hernandez-505b278-1-300x300.png 300w, https:\/\/spaceeconomycongress.org\/wp-content\/uploads\/2026\/04\/httpswww.linkedin.comincecilia-hernandez-505b278-1-150x150.png 150w\" sizes=\"auto, (max-width: 600px) 100vw, 600px\" \/><\/div><h2>Jeffrey Hoffman<\/h2><p class=\"speaker-c\">Ex-astronauta<\/p><p class=\"speaker-e\">NASA<\/p><\/div><div class=\"individual-ponent\"><div class=\"imatge-ponent\"><img loading=\"lazy\" decoding=\"async\" width=\"600\" height=\"600\" src=\"https:\/\/spaceeconomycongress.org\/wp-content\/uploads\/2024\/09\/Pol-L.png\" class=\"attachment-full size-full wp-post-image\" alt=\"Pol Llorca\" srcset=\"https:\/\/spaceeconomycongress.org\/wp-content\/uploads\/2024\/09\/Pol-L.png 600w, https:\/\/spaceeconomycongress.org\/wp-content\/uploads\/2024\/09\/Pol-L-300x300.png 300w, https:\/\/spaceeconomycongress.org\/wp-content\/uploads\/2024\/09\/Pol-L-150x150.png 150w\" sizes=\"auto, (max-width: 600px) 100vw, 600px\" \/><\/div><a class=\"linkedin-speaker\" href=\"https:\/\/www.linkedin.com\/in\/pol-llorca\/?originalSubdomain=es\" target=\"_blank\"><i class=\"fa-brands fa-linkedin-in\"><\/i><\/a><h2>Pol Llorca<\/h2><p class=\"speaker-c\">Jefe de Desarrollo de Negocios<\/p><p class=\"speaker-e\">Airbus GeoTech<\/p><\/div><div class=\"individual-ponent\"><div class=\"imatge-ponent\"><img loading=\"lazy\" decoding=\"async\" width=\"600\" height=\"600\" src=\"https:\/\/spaceeconomycongress.org\/wp-content\/uploads\/2024\/07\/Mateo_Claudia_NSEC24.png\" class=\"attachment-full size-full wp-post-image\" alt=\"Cl\u00e0udia Mateo\" srcset=\"https:\/\/spaceeconomycongress.org\/wp-content\/uploads\/2024\/07\/Mateo_Claudia_NSEC24.png 600w, https:\/\/spaceeconomycongress.org\/wp-content\/uploads\/2024\/07\/Mateo_Claudia_NSEC24-300x300.png 300w, https:\/\/spaceeconomycongress.org\/wp-content\/uploads\/2024\/07\/Mateo_Claudia_NSEC24-150x150.png 150w\" sizes=\"auto, (max-width: 600px) 100vw, 600px\" \/><\/div><a class=\"linkedin-speaker\" href=\"https:\/\/www.linkedin.com\/in\/claudiamateo\/\" target=\"_blank\"><i class=\"fa-brands fa-linkedin-in\"><\/i><\/a><h2>Cl\u00e0udia Mateo<\/h2><p class=\"speaker-c\">Responsable de Negocio de Innovaci\u00f3n Espacial<\/p><p class=\"speaker-e\">Fundaci\u00f3n i2CAT<\/p><\/div><div class=\"individual-ponent\"><div class=\"imatge-ponent\"><img loading=\"lazy\" decoding=\"async\" width=\"600\" height=\"600\" src=\"https:\/\/spaceeconomycongress.org\/wp-content\/uploads\/2024\/09\/Laura-M-1.png\" class=\"attachment-full size-full wp-post-image\" alt=\"Laura Moreno\" srcset=\"https:\/\/spaceeconomycongress.org\/wp-content\/uploads\/2024\/09\/Laura-M-1.png 600w, https:\/\/spaceeconomycongress.org\/wp-content\/uploads\/2024\/09\/Laura-M-1-300x300.png 300w, https:\/\/spaceeconomycongress.org\/wp-content\/uploads\/2024\/09\/Laura-M-1-150x150.png 150w\" sizes=\"auto, (max-width: 600px) 100vw, 600px\" \/><\/div><a class=\"linkedin-speaker\" href=\"https:\/\/www.linkedin.com\/in\/laura-moreno-patricio-423a441\/\" target=\"_blank\"><i class=\"fa-brands fa-linkedin-in\"><\/i><\/a><h2>Laura Moreno<\/h2><p class=\"speaker-c\">CEO<\/p><p class=\"speaker-e\">Earthpulse<\/p><\/div><div class=\"individual-ponent\"><div class=\"imatge-ponent\"><img loading=\"lazy\" decoding=\"async\" width=\"600\" height=\"600\" src=\"https:\/\/spaceeconomycongress.org\/wp-content\/uploads\/2026\/04\/Untitled-design-13.png\" class=\"attachment-full size-full wp-post-image\" alt=\"Lauren Taylor\" srcset=\"https:\/\/spaceeconomycongress.org\/wp-content\/uploads\/2026\/04\/Untitled-design-13.png 600w, https:\/\/spaceeconomycongress.org\/wp-content\/uploads\/2026\/04\/Untitled-design-13-300x300.png 300w, https:\/\/spaceeconomycongress.org\/wp-content\/uploads\/2026\/04\/Untitled-design-13-150x150.png 150w\" sizes=\"auto, (max-width: 600px) 100vw, 600px\" \/><\/div><a class=\"linkedin-speaker\" href=\"https:\/\/www.linkedin.com\/in\/lauren-e-taylor\/\" target=\"_blank\"><i class=\"fa-brands fa-linkedin-in\"><\/i><\/a><h2>Lauren Taylor<\/h2><p class=\"speaker-c\">Programa Nacional de Innovaci\u00f3n Espacial - Responsable de Grandes Proyectos<\/p><p class=\"speaker-e\">Agencia Espacial del Reino Unido<\/p><\/div><div class=\"individual-ponent\"><div class=\"imatge-ponent\"><img loading=\"lazy\" decoding=\"async\" width=\"600\" height=\"600\" src=\"https:\/\/spaceeconomycongress.org\/wp-content\/uploads\/2026\/04\/Untitled-design-14.png\" class=\"attachment-full size-full wp-post-image\" alt=\"Remmco Timmermans\" srcset=\"https:\/\/spaceeconomycongress.org\/wp-content\/uploads\/2026\/04\/Untitled-design-14.png 600w, https:\/\/spaceeconomycongress.org\/wp-content\/uploads\/2026\/04\/Untitled-design-14-300x300.png 300w, https:\/\/spaceeconomycongress.org\/wp-content\/uploads\/2026\/04\/Untitled-design-14-150x150.png 150w\" sizes=\"auto, (max-width: 600px) 100vw, 600px\" \/><\/div><a class=\"linkedin-speaker\" href=\"https:\/\/www.linkedin.com\/in\/remcotimmermans\/\" target=\"_blank\"><i class=\"fa-brands fa-linkedin-in\"><\/i><\/a><h2>Remmco Timmermans<\/h2><p class=\"speaker-c\">CEO<\/p><p class=\"speaker-e\">Space Agenda<\/p><\/div><\/div>[\/vc_column_text][\/vc_column][\/vc_row]\n","protected":false},"excerpt":{"rendered":"<p>[vc_row][vc_column][vc_column_text css=\u00bb.vc_custom_1776765546047{margin-top: 20px !important;margin-bottom: 40px !important;}\u00bb] Descubre a los ponentes internacionales del Space Economy Congress 2026 El Space Economy Congress 2026 re\u00fane a una estrat\u00e9gica selecci\u00f3n de ponentes internacionales que est\u00e1n impulsando la evoluci\u00f3n de la econom\u00eda espacial a nivel global. En esta secci\u00f3n podr\u00e1s conocer a expertos, l\u00edderes de la industria y actores clave&hellip;<\/p>\n","protected":false},"author":2,"featured_media":10987,"parent":0,"menu_order":0,"comment_status":"closed","ping_status":"closed","template":"","meta":{"footnotes":""},"class_list":["post-9157","page","type-page","status-publish","has-post-thumbnail","hentry","entry","has-media"],"yoast_head":"<!-- This site is optimized with the Yoast SEO plugin v25.5 - https:\/\/yoast.com\/wordpress\/plugins\/seo\/ -->\n<title>Ponentes - Space Economy Congress 2026<\/title>\n<meta name=\"description\" content=\"Expertos l\u00edderes y referentes globales compartir\u00e1n su visi\u00f3n, innovaciones y experiencias en esta cita imprescindible para el ecosistema New Space.\" \/>\n<meta name=\"robots\" content=\"index, follow, max-snippet:-1, max-image-preview:large, max-video-preview:-1\" \/>\n<link rel=\"canonical\" href=\"https:\/\/spaceeconomycongress.org\/es\/ponentes-2026\/\" \/>\n<meta property=\"og:locale\" content=\"es_ES\" \/>\n<meta property=\"og:type\" content=\"article\" \/>\n<meta property=\"og:title\" content=\"Ponentes - Space Economy Congress 2026\" \/>\n<meta property=\"og:description\" content=\"Expertos l\u00edderes y referentes globales compartir\u00e1n su visi\u00f3n, innovaciones y experiencias en esta cita imprescindible para el ecosistema New Space.\" \/>\n<meta property=\"og:url\" content=\"https:\/\/spaceeconomycongress.org\/es\/ponentes-2026\/\" \/>\n<meta property=\"og:site_name\" content=\"Space Economy Congress 2026\" \/>\n<meta property=\"article:modified_time\" content=\"2026-04-21T09:59:14+00:00\" \/>\n<meta name=\"twitter:card\" content=\"summary_large_image\" \/>\n<meta name=\"twitter:label1\" content=\"Tiempo de lectura\" \/>\n\t<meta name=\"twitter:data1\" content=\"1 minuto\" \/>\n<script type=\"application\/ld+json\" class=\"yoast-schema-graph\">{\"@context\":\"https:\/\/schema.org\",\"@graph\":[{\"@type\":\"WebPage\",\"@id\":\"https:\/\/spaceeconomycongress.org\/es\/ponentes-2026\/\",\"url\":\"https:\/\/spaceeconomycongress.org\/es\/ponentes-2026\/\",\"name\":\"Ponentes - Space Economy Congress 2026\",\"isPartOf\":{\"@id\":\"https:\/\/spaceeconomycongress.org\/#website\"},\"primaryImageOfPage\":{\"@id\":\"https:\/\/spaceeconomycongress.org\/es\/ponentes-2026\/#primaryimage\"},\"image\":{\"@id\":\"https:\/\/spaceeconomycongress.org\/es\/ponentes-2026\/#primaryimage\"},\"thumbnailUrl\":\"https:\/\/spaceeconomycongress.org\/wp-content\/uploads\/2026\/04\/imatge-destacada-sec26.jpg\",\"datePublished\":\"2025-04-30T10:21:16+00:00\",\"dateModified\":\"2026-04-21T09:59:14+00:00\",\"description\":\"Expertos l\u00edderes y referentes globales compartir\u00e1n su visi\u00f3n, innovaciones y experiencias en esta cita imprescindible para el ecosistema New Space.\",\"breadcrumb\":{\"@id\":\"https:\/\/spaceeconomycongress.org\/es\/ponentes-2026\/#breadcrumb\"},\"inLanguage\":\"es\",\"potentialAction\":[{\"@type\":\"ReadAction\",\"target\":[\"https:\/\/spaceeconomycongress.org\/es\/ponentes-2026\/\"]}]},{\"@type\":\"ImageObject\",\"inLanguage\":\"es\",\"@id\":\"https:\/\/spaceeconomycongress.org\/es\/ponentes-2026\/#primaryimage\",\"url\":\"https:\/\/spaceeconomycongress.org\/wp-content\/uploads\/2026\/04\/imatge-destacada-sec26.jpg\",\"contentUrl\":\"https:\/\/spaceeconomycongress.org\/wp-content\/uploads\/2026\/04\/imatge-destacada-sec26.jpg\",\"width\":1200,\"height\":630},{\"@type\":\"BreadcrumbList\",\"@id\":\"https:\/\/spaceeconomycongress.org\/es\/ponentes-2026\/#breadcrumb\",\"itemListElement\":[{\"@type\":\"ListItem\",\"position\":1,\"name\":\"Home\",\"item\":\"https:\/\/spaceeconomycongress.org\/es\/\"},{\"@type\":\"ListItem\",\"position\":2,\"name\":\"Ponentes\"}]},{\"@type\":\"WebSite\",\"@id\":\"https:\/\/spaceeconomycongress.org\/#website\",\"url\":\"https:\/\/spaceeconomycongress.org\/\",\"name\":\"Space Economy Congress 2026\",\"description\":\"9 y 10 de juliol de 2026\",\"publisher\":{\"@id\":\"https:\/\/spaceeconomycongress.org\/#organization\"},\"potentialAction\":[{\"@type\":\"SearchAction\",\"target\":{\"@type\":\"EntryPoint\",\"urlTemplate\":\"https:\/\/spaceeconomycongress.org\/?s={search_term_string}\"},\"query-input\":{\"@type\":\"PropertyValueSpecification\",\"valueRequired\":true,\"valueName\":\"search_term_string\"}}],\"inLanguage\":\"es\"},{\"@type\":\"Organization\",\"@id\":\"https:\/\/spaceeconomycongress.org\/#organization\",\"name\":\"New Space Congress 2022\",\"url\":\"https:\/\/spaceeconomycongress.org\/\",\"logo\":{\"@type\":\"ImageObject\",\"inLanguage\":\"es\",\"@id\":\"https:\/\/spaceeconomycongress.org\/#\/schema\/logo\/image\/\",\"url\":\"https:\/\/spaceeconomycongress.org\/wp-content\/uploads\/2026\/01\/SPACE_ECONOMY_2026_web.png\",\"contentUrl\":\"https:\/\/spaceeconomycongress.org\/wp-content\/uploads\/2026\/01\/SPACE_ECONOMY_2026_web.png\",\"width\":1000,\"height\":262,\"caption\":\"New Space Congress 2022\"},\"image\":{\"@id\":\"https:\/\/spaceeconomycongress.org\/#\/schema\/logo\/image\/\"}}]}<\/script>\n<!-- \/ Yoast SEO plugin. -->","yoast_head_json":{"title":"Ponentes - Space Economy Congress 2026","description":"Expertos l\u00edderes y referentes globales compartir\u00e1n su visi\u00f3n, innovaciones y experiencias en esta cita imprescindible para el ecosistema New Space.","robots":{"index":"index","follow":"follow","max-snippet":"max-snippet:-1","max-image-preview":"max-image-preview:large","max-video-preview":"max-video-preview:-1"},"canonical":"https:\/\/spaceeconomycongress.org\/es\/ponentes-2026\/","og_locale":"es_ES","og_type":"article","og_title":"Ponentes - Space Economy Congress 2026","og_description":"Expertos l\u00edderes y referentes globales compartir\u00e1n su visi\u00f3n, innovaciones y experiencias en esta cita imprescindible para el ecosistema New Space.","og_url":"https:\/\/spaceeconomycongress.org\/es\/ponentes-2026\/","og_site_name":"Space Economy Congress 2026","article_modified_time":"2026-04-21T09:59:14+00:00","twitter_card":"summary_large_image","twitter_misc":{"Tiempo de lectura":"1 minuto"},"schema":{"@context":"https:\/\/schema.org","@graph":[{"@type":"WebPage","@id":"https:\/\/spaceeconomycongress.org\/es\/ponentes-2026\/","url":"https:\/\/spaceeconomycongress.org\/es\/ponentes-2026\/","name":"Ponentes - Space Economy Congress 2026","isPartOf":{"@id":"https:\/\/spaceeconomycongress.org\/#website"},"primaryImageOfPage":{"@id":"https:\/\/spaceeconomycongress.org\/es\/ponentes-2026\/#primaryimage"},"image":{"@id":"https:\/\/spaceeconomycongress.org\/es\/ponentes-2026\/#primaryimage"},"thumbnailUrl":"https:\/\/spaceeconomycongress.org\/wp-content\/uploads\/2026\/04\/imatge-destacada-sec26.jpg","datePublished":"2025-04-30T10:21:16+00:00","dateModified":"2026-04-21T09:59:14+00:00","description":"Expertos l\u00edderes y referentes globales compartir\u00e1n su visi\u00f3n, innovaciones y experiencias en esta cita imprescindible para el ecosistema New Space.","breadcrumb":{"@id":"https:\/\/spaceeconomycongress.org\/es\/ponentes-2026\/#breadcrumb"},"inLanguage":"es","potentialAction":[{"@type":"ReadAction","target":["https:\/\/spaceeconomycongress.org\/es\/ponentes-2026\/"]}]},{"@type":"ImageObject","inLanguage":"es","@id":"https:\/\/spaceeconomycongress.org\/es\/ponentes-2026\/#primaryimage","url":"https:\/\/spaceeconomycongress.org\/wp-content\/uploads\/2026\/04\/imatge-destacada-sec26.jpg","contentUrl":"https:\/\/spaceeconomycongress.org\/wp-content\/uploads\/2026\/04\/imatge-destacada-sec26.jpg","width":1200,"height":630},{"@type":"BreadcrumbList","@id":"https:\/\/spaceeconomycongress.org\/es\/ponentes-2026\/#breadcrumb","itemListElement":[{"@type":"ListItem","position":1,"name":"Home","item":"https:\/\/spaceeconomycongress.org\/es\/"},{"@type":"ListItem","position":2,"name":"Ponentes"}]},{"@type":"WebSite","@id":"https:\/\/spaceeconomycongress.org\/#website","url":"https:\/\/spaceeconomycongress.org\/","name":"Space Economy Congress 2026","description":"9 y 10 de juliol de 2026","publisher":{"@id":"https:\/\/spaceeconomycongress.org\/#organization"},"potentialAction":[{"@type":"SearchAction","target":{"@type":"EntryPoint","urlTemplate":"https:\/\/spaceeconomycongress.org\/?s={search_term_string}"},"query-input":{"@type":"PropertyValueSpecification","valueRequired":true,"valueName":"search_term_string"}}],"inLanguage":"es"},{"@type":"Organization","@id":"https:\/\/spaceeconomycongress.org\/#organization","name":"New Space Congress 2022","url":"https:\/\/spaceeconomycongress.org\/","logo":{"@type":"ImageObject","inLanguage":"es","@id":"https:\/\/spaceeconomycongress.org\/#\/schema\/logo\/image\/","url":"https:\/\/spaceeconomycongress.org\/wp-content\/uploads\/2026\/01\/SPACE_ECONOMY_2026_web.png","contentUrl":"https:\/\/spaceeconomycongress.org\/wp-content\/uploads\/2026\/01\/SPACE_ECONOMY_2026_web.png","width":1000,"height":262,"caption":"New Space Congress 2022"},"image":{"@id":"https:\/\/spaceeconomycongress.org\/#\/schema\/logo\/image\/"}}]}},"_links":{"self":[{"href":"https:\/\/spaceeconomycongress.org\/es\/wp-json\/wp\/v2\/pages\/9157","targetHints":{"allow":["GET"]}}],"collection":[{"href":"https:\/\/spaceeconomycongress.org\/es\/wp-json\/wp\/v2\/pages"}],"about":[{"href":"https:\/\/spaceeconomycongress.org\/es\/wp-json\/wp\/v2\/types\/page"}],"author":[{"embeddable":true,"href":"https:\/\/spaceeconomycongress.org\/es\/wp-json\/wp\/v2\/users\/2"}],"replies":[{"embeddable":true,"href":"https:\/\/spaceeconomycongress.org\/es\/wp-json\/wp\/v2\/comments?post=9157"}],"version-history":[{"count":8,"href":"https:\/\/spaceeconomycongress.org\/es\/wp-json\/wp\/v2\/pages\/9157\/revisions"}],"predecessor-version":[{"id":10966,"href":"https:\/\/spaceeconomycongress.org\/es\/wp-json\/wp\/v2\/pages\/9157\/revisions\/10966"}],"wp:featuredmedia":[{"embeddable":true,"href":"https:\/\/spaceeconomycongress.org\/es\/wp-json\/wp\/v2\/media\/10987"}],"wp:attachment":[{"href":"https:\/\/spaceeconomycongress.org\/es\/wp-json\/wp\/v2\/media?parent=9157"}],"curies":[{"name":"wp","href":"https:\/\/api.w.org\/{rel}","templated":true}]}}